{"id":1907,"date":"2021-09-27T19:52:18","date_gmt":"2021-09-27T19:52:18","guid":{"rendered":"https:\/\/zhyvi-travy.com\/product\/le-the-fermente-a-base-de-feuilles-de-poirier-sauvage-200-g\/"},"modified":"2021-09-27T19:52:18","modified_gmt":"2021-09-27T19:52:18","slug":"pear-200g-2","status":"publish","type":"product","link":"https:\/\/zhyvi-travy.com\/fr\/produit\/pear-200g-2\/","title":{"rendered":"Le th\u00e9 ferment\u00e9 \u00e0 base de feuilles de poirier sauvage 200 g."},"content":{"rendered":"<p>La fermentation des feuilles de poirier sauvage est un processus dans lequel les mati\u00e8res premi\u00e8res v\u00e9g\u00e9tales sont oxyd\u00e9es par leurs propres enzymes. Gr\u00e2ce \u00e0 cela, les composants utiles seront facilement absorb\u00e9s par le corps. Par cons\u00e9quent, la consommation de th\u00e9 ferment\u00e9 \u00e0 la feuille de poirier sauvage lorsqu&rsquo;il est infus\u00e9 est deux \u00e0 trois fois inf\u00e9rieure \u00e0 celle du th\u00e9 ordinaire.  <\/p>\n<p><strong>La m\u00e9thode d&rsquo;infusion<\/strong>: Versez 1 \u00e0 2 cuill\u00e8res \u00e0 caf\u00e9 de th\u00e9 ferment\u00e9 avec 1 litre d&rsquo;eau \u00e0 une temp\u00e9rature de 85 \u00e0 95 degr\u00e9s et laissez reposer 5 \u00e0 10 minutes.<\/p>\n","protected":false},"excerpt":{"rendered":"<p>La feuille de poirier a un effet antiseptique, acc\u00e9l\u00e8re la r\u00e9g\u00e9n\u00e9ration &#8230; <\/p>\n","protected":false},"featured_media":1776,"comment_status":"open","ping_status":"closed","template":"","meta":[],"product_cat":[182],"product_tag":[],"_links":{"self":[{"href":"https:\/\/zhyvi-travy.com\/fr\/wp-json\/wp\/v2\/product\/1907"}],"collection":[{"href":"https:\/\/zhyvi-travy.com\/fr\/wp-json\/wp\/v2\/product"}],"about":[{"href":"https:\/\/zhyvi-travy.com\/fr\/wp-json\/wp\/v2\/types\/product"}],"replies":[{"embeddable":true,"href":"https:\/\/zhyvi-travy.com\/fr\/wp-json\/wp\/v2\/comments?post=1907"}],"wp:featuredmedia":[{"embeddable":true,"href":"https:\/\/zhyvi-travy.com\/fr\/wp-json\/wp\/v2\/media\/1776"}],"wp:attachment":[{"href":"https:\/\/zhyvi-travy.com\/fr\/wp-json\/wp\/v2\/media?parent=1907"}],"wp:term":[{"taxonomy":"product_cat","embeddable":true,"href":"https:\/\/zhyvi-travy.com\/fr\/wp-json\/wp\/v2\/product_cat?post=1907"},{"taxonomy":"product_tag","embeddable":true,"href":"https:\/\/zhyvi-travy.com\/fr\/wp-json\/wp\/v2\/product_tag?post=1907"}],"curies":[{"name":"wp","href":"https:\/\/api.w.org\/{rel}","templated":true}]}}