{"id":1827,"date":"2017-06-10T08:24:41","date_gmt":"2017-06-10T08:24:41","guid":{"rendered":"https:\/\/zhyvi-travy.com\/a-propos-de-lentreprise\/"},"modified":"2023-01-24T18:04:36","modified_gmt":"2023-01-24T18:04:36","slug":"about","status":"publish","type":"page","link":"https:\/\/zhyvi-travy.com\/fr\/about\/","title":{"rendered":"\u00c0 propos de l&rsquo;entreprise"},"content":{"rendered":"<section class=\"wpb-content-wrapper\"><p>[vc_row][vc_column width=\u00a0\u00bb1\/2&Prime;]<div class=\"cz_gap clr \" style=\"height: 30px\"><\/div><div id=\"cz_100234\" class=\"cz_100234 cz_title clr cz_title_pos_inline tac\"><div class=\"cz_title_shape shape_text cz_shape_1\">ZHYVI TRAVY<\/div><div class=\"cz_title_content\"><span class=\"cz_line_side_solo\">_<\/span><div class=\"cz_wpe_content\"><h2 style=\"text-align: center;\">Notre histoire<\/h2>\n<\/div><span class=\"cz_line_side_solo cz_line_side_after\">_<\/span><\/div><\/div><div class=\"cz_gap clr \" style=\"height: 30px\"><\/div><div id=\"cz_106401\" class=\"cz_106401 cz_title clr cz_title_pos_inline\"><div class=\"cz_title_content\"><div class=\"cz_wpe_content\"><p>Notre entreprise a \u00e9t\u00e9 fond\u00e9e par des personnes partageant les m\u00eames id\u00e9es qui \u00e9taient unies par l&rsquo;id\u00e9e de produire des produits de haute qualit\u00e9 et respectueux de l&rsquo;environnement qui apporteraient plaisir et plaisir aux gens tout en am\u00e9liorant leur sant\u00e9.<\/p>\n<p>Un projet puis une entreprise de production de th\u00e9s ferment\u00e9s de haute qualit\u00e9 par TM \u00ab\u00a0ZHYVI TRAVY\u00a0\u00bb sont apparus \u00e0 la suite de la combinaison de l&rsquo;exp\u00e9rience des fondateurs avec des technologies de traitement des herbes m\u00e9dicinales et de fermentation, la capacit\u00e9 d&rsquo;organiser des personnes partageant les m\u00eames id\u00e9es autour d&rsquo;une id\u00e9e commune, des comp\u00e9tences organisationnelles et manag\u00e9riales, des connaissances sur l&rsquo;organisation et la construction de processus commerciaux pour la production et la vente de produits alimentaires.<\/p>\n<\/div><\/div><\/div><div class=\"cz_btn_center\"><div class=\"cz_28528_p\"><a id=\"cz_28528\" class=\"cz_28528 cz_btn cz_btn_txt_no_fx cz_btn_zoom_in\" href=\"\/fr\/contact\"><span><i class=\"fas fa-handshake\"><\/i><strong>rejoignez-nous<\/strong><\/span><b class=\"cz_btn_onhover\"><i class=\"fas fa-handshake\"><\/i><strong>rejoignez-nous<\/strong><\/b><\/a><\/div><\/div><div class=\"cz_gap clr \" style=\"height: 50px\"><\/div>[\/vc_column][vc_column width=\u00a0\u00bb1\/2&Prime;]<div id=\"cz_50227\" class=\"cz_50227 cz_image clr cz_image_no_fx center_on_mobile\"><div class=\"\" ><div class=\"cz_image_in\"><div class=\"cz_main_image\"><img width=\"1200\" height=\"972\" src=\"https:\/\/zhyvi-travy.com\/wp-content\/uploads\/2021\/09\/about-1.jpg\" class=\"attachment-full\" alt=\"\" decoding=\"async\" loading=\"lazy\" title=\"about-1\" srcset=\"https:\/\/zhyvi-travy.com\/wp-content\/uploads\/2021\/09\/about-1.jpg 1200w, https:\/\/zhyvi-travy.com\/wp-content\/uploads\/2021\/09\/about-1-300x243.jpg 300w, https:\/\/zhyvi-travy.com\/wp-content\/uploads\/2021\/09\/about-1-1024x829.jpg 1024w, https:\/\/zhyvi-travy.com\/wp-content\/uploads\/2021\/09\/about-1-768x622.jpg 768w, https:\/\/zhyvi-travy.com\/wp-content\/uploads\/2021\/09\/about-1-600x486.jpg 600w\" sizes=\"(max-width: 1200px) 100vw, 1200px\" \/><\/div><\/div><\/div><\/div>[\/vc_column][\/vc_row][vc_row][vc_column]<div class=\"cz_gap clr \" style=\"height: 100px\"><\/div><div id=\"cz_75108\" class=\"cz_75108 cz_title clr cz_title_pos_inline tac\"><div class=\"cz_title_shape shape_text cz_shape_1\">ZHYVI TRAVY<\/div><div class=\"cz_title_content\"><span class=\"cz_line_side_solo\">_<\/span><div class=\"cz_wpe_content\"><h2 style=\"text-align: center;\">\u00c0 propos des produits<\/h2>\n<\/div><span class=\"cz_line_side_solo cz_line_side_after\">_<\/span><\/div><\/div><div class=\"cz_gap clr \" style=\"height: 60px\"><\/div>[\/vc_column][\/vc_row][vc_row equal_height=\u00a0\u00bbyes\u00a0\u00bb content_placement=\u00a0\u00bbmiddle\u00a0\u00bb][vc_column width=\u00a0\u00bb1\/2&Prime;]<div class=\"cz_eqh cz_content_box_parent_fx  \"><div id=\"cz_103318\" class=\"cz_103318 cz_content_box clr\"><div class=\"cz_box_front clr\"><div class=\"cz_box_front_inner clr \"><span><\/span><div><div id=\"cz_32939\" class=\"cz_32939 cz_title clr cz_mobile_text_center cz_title_pos_right\"><div class=\"cz_title_shape shape_text cz_shape_1\"><\/div><div class=\"cz_title_content\"><span class=\"cz_line_side_solo\">_<\/span><div class=\"cz_wpe_content\"><h2>la fermentation du th\u00e9<\/h2>\n<\/div><\/div><\/div><div id=\"cz_28336\" class=\"cz_28336 cz_title clr cz_mobile_text_center cz_title_pos_inline tar\"><div class=\"cz_title_content\"><div class=\"cz_wpe_content\"><p style=\"text-align: right;\">processus biochimique naturel d&rsquo;oxydation (fermentation) des feuilles de th\u00e9 sous l&rsquo;influence de la temp\u00e9rature, de l&rsquo;oxyg\u00e8ne et de l&rsquo;humidit\u00e9<\/p>\n<\/div><\/div><\/div><\/div><\/div><\/div><\/div><\/div>[\/vc_column][vc_column width=\u00a0\u00bb1\/2&Prime; css=\u00a0\u00bb.vc_custom_1632047073571{background-image: url(https:\/\/zhyvi-travy.com\/wp-content\/uploads\/2021\/09\/about-2.jpg?id=706) !important;background-position: center !important;background-repeat: no-repeat !important;background-size: cover !important;}\u00a0\u00bb offset=\u00a0\u00bbvc_col-xs-12&Prime;]<div class=\"cz_gap clr  hide_on_mobile\" style=\"height: 450px\"><\/div><div class=\"cz_gap show_on_mobile clr\" style=\"height: 300px\"><\/div>[\/vc_column][\/vc_row][vc_row equal_height=\u00a0\u00bbyes\u00a0\u00bb content_placement=\u00a0\u00bbmiddle\u00a0\u00bb el_class=\u00a0\u00bbmd-reverse\u00a0\u00bb][vc_column width=\u00a0\u00bb1\/2&Prime; css=\u00a0\u00bb.vc_custom_1632047509621{background-image: url(https:\/\/zhyvi-travy.com\/wp-content\/uploads\/2021\/09\/about-3.jpg?id=708) !important;background-position: center !important;background-repeat: no-repeat !important;background-size: cover !important;}\u00a0\u00bb offset=\u00a0\u00bbvc_col-xs-12&Prime;]<div class=\"cz_gap clr  hide_on_mobile\" style=\"height: 450px\"><\/div><div class=\"cz_gap show_on_mobile clr\" style=\"height: 300px\"><\/div>[\/vc_column][vc_column width=\u00a0\u00bb1\/2&Prime;]<div class=\"cz_eqh cz_content_box_parent_fx  \"><div id=\"cz_39435\" class=\"cz_39435 cz_content_box clr\"><div class=\"cz_box_front clr\"><div class=\"cz_box_front_inner clr \"><span><\/span><div><div id=\"cz_103277\" class=\"cz_103277 cz_title clr cz_mobile_text_center cz_title_pos_inline\"><div class=\"cz_title_shape shape_text cz_shape_1\"><\/div><div class=\"cz_title_content\"><div class=\"cz_wpe_content\"><h2 style=\"text-align: left;\">la technologie de production<\/h2>\n<\/div><span class=\"cz_line_side_solo cz_line_side_after\">_<\/span><\/div><\/div><div id=\"cz_51943\" class=\"cz_51943 cz_title clr cz_mobile_text_center cz_title_pos_inline\"><div class=\"cz_title_content\"><div class=\"cz_wpe_content\"><p>dans la production de ces produits, seules des mati\u00e8res premi\u00e8res ukrainiennes de haute qualit\u00e9 et respectueuses de l&rsquo;environnement sont utilis\u00e9es et les processus de production sont organis\u00e9s de mani\u00e8re \u00e0 avoir un impact n\u00e9gatif minimal sur l&rsquo;environnement<\/p>\n<\/div><\/div><\/div><\/div><\/div><\/div><\/div><\/div>[\/vc_column][\/vc_row][vc_row equal_height=\u00a0\u00bbyes\u00a0\u00bb content_placement=\u00a0\u00bbmiddle\u00a0\u00bb][vc_column width=\u00a0\u00bb1\/2&Prime;]<div class=\"cz_eqh cz_content_box_parent_fx  \"><div id=\"cz_13163\" class=\"cz_13163 cz_content_box clr\"><div class=\"cz_box_front clr\"><div class=\"cz_box_front_inner clr \"><span><\/span><div><div id=\"cz_84080\" class=\"cz_84080 cz_title clr cz_mobile_text_center cz_title_pos_right\"><div class=\"cz_title_shape shape_text cz_shape_1\"><\/div><div class=\"cz_title_content\"><span class=\"cz_line_side_solo\">_<\/span><div class=\"cz_wpe_content\"><h2>\u00e9cologique<\/h2>\n<\/div><\/div><\/div><div id=\"cz_38181\" class=\"cz_38181 cz_title clr cz_mobile_text_center cz_title_pos_inline tar\"><div class=\"cz_title_content\"><div class=\"cz_wpe_content\"><p style=\"text-align: right;\">la particularit\u00e9 de notre th\u00e9 est qu&rsquo;il s&rsquo;agit d&rsquo;un produit biologique et respectueux de l&rsquo;environnement fabriqu\u00e9 exclusivement \u00e0 partir de mati\u00e8res premi\u00e8res naturelles pures, qui sont collect\u00e9es \u00e0 la main et s\u00e9ch\u00e9es dans des po\u00eales en briques en utilisant la chaleur du bois<\/p>\n<\/div><\/div><\/div><\/div><\/div><\/div><\/div><\/div>[\/vc_column][vc_column width=\u00a0\u00bb1\/2&Prime; css=\u00a0\u00bb.vc_custom_1632410670214{background-image: url(https:\/\/zhyvi-travy.com\/wp-content\/uploads\/2021\/09\/about-5.jpg?id=771) !important;background-position: center !important;background-repeat: no-repeat !important;background-size: cover !important;}\u00a0\u00bb offset=\u00a0\u00bbvc_col-xs-12&Prime;]<div class=\"cz_gap clr  hide_on_mobile\" style=\"height: 450px\"><\/div><div class=\"cz_gap show_on_mobile clr\" style=\"height: 300px\"><\/div>[\/vc_column][\/vc_row][vc_row equal_height=\u00a0\u00bbyes\u00a0\u00bb content_placement=\u00a0\u00bbmiddle\u00a0\u00bb el_class=\u00a0\u00bbmd-reverse\u00a0\u00bb][vc_column width=\u00a0\u00bb1\/2&Prime; css=\u00a0\u00bb.vc_custom_1632411667088{background-image: url(https:\/\/zhyvi-travy.com\/wp-content\/uploads\/2021\/09\/about-6.jpg?id=775) !important;background-position: center !important;background-repeat: no-repeat !important;background-size: cover !important;}\u00a0\u00bb offset=\u00a0\u00bbvc_col-xs-12&Prime;]<div id=\"cz_31729\" class=\"cz_31729 cz_image clr cz_image_no_fx center_on_mobile\"><div class=\"\" ><div class=\"cz_image_in\"><div class=\"cz_main_image\"><img class=\"\" src=\"https:\/\/zhyvi-travy.com\/wp-content\/uploads\/2021\/09\/sertificate.png\" width=\"800\" height=\"735\" alt=\"#image_title\" title=\"sertificate\" \/><\/div><\/div><\/div><\/div>[\/vc_column][vc_column width=\u00a0\u00bb1\/2&Prime;]<div class=\"cz_eqh cz_content_box_parent_fx  \"><div id=\"cz_39435\" class=\"cz_39435 cz_content_box clr\"><div class=\"cz_box_front clr\"><div class=\"cz_box_front_inner clr \"><span><\/span><div><div id=\"cz_79371\" class=\"cz_79371 cz_title clr cz_mobile_text_center cz_title_pos_inline\"><div class=\"cz_title_shape shape_text cz_shape_1\"><\/div><div class=\"cz_title_content\"><div class=\"cz_wpe_content\"><h2 style=\"text-align: left;\">la certification<\/h2>\n<\/div><span class=\"cz_line_side_solo cz_line_side_after\">_<\/span><\/div><\/div><div id=\"cz_67240\" class=\"cz_67240 cz_title clr cz_mobile_text_center cz_title_pos_inline\"><div class=\"cz_title_content\"><div class=\"cz_wpe_content\"><p>les produits de TM \u00ab\u00a0ZHYVI TRAVY\u00a0\u00bb ont pass\u00e9 toutes les \u00e9tapes de la certification, ce qui est confirm\u00e9 par le <a href=\"\/wp-content\/uploads\/2021\/09\/sertificate.pdf\"><strong>CERTIFICAT DE CONFORMIT\u00c9<\/strong><\/a><\/p>\n<\/div><\/div><\/div><\/div><\/div><\/div><\/div><\/div>[\/vc_column][\/vc_row]<\/p>\n<\/section>","protected":false},"excerpt":{"rendered":"<p>[vc_row][vc_column width=\u00a0\u00bb1\/2&Prime;][\/vc_column][vc_column width=\u00a0\u00bb1\/2&Prime;][\/vc_column][\/vc_row][vc_row][vc_column][\/vc_column][\/vc_row][vc_row equal_height=\u00a0\u00bbyes\u00a0\u00bb content_placement=\u00a0\u00bbmiddle\u00a0\u00bb][vc_column width=\u00a0\u00bb1\/2&Prime;][\/vc_column][vc_column width=\u00a0\u00bb1\/2&Prime; css=\u00a0\u00bb.vc_custom_1632047073571{background-image: url(https:\/\/zhyvi-travy.com\/wp-content\/uploads\/2021\/09\/about-2.jpg?id=706) !important;background-position: center &#8230; <\/p>\n","protected":false},"author":1,"featured_media":0,"parent":0,"menu_order":0,"comment_status":"closed","ping_status":"closed","template":"","meta":[],"_links":{"self":[{"href":"https:\/\/zhyvi-travy.com\/fr\/wp-json\/wp\/v2\/pages\/1827"}],"collection":[{"href":"https:\/\/zhyvi-travy.com\/fr\/wp-json\/wp\/v2\/pages"}],"about":[{"href":"https:\/\/zhyvi-travy.com\/fr\/wp-json\/wp\/v2\/types\/page"}],"author":[{"embeddable":true,"href":"https:\/\/zhyvi-travy.com\/fr\/wp-json\/wp\/v2\/users\/1"}],"replies":[{"embeddable":true,"href":"https:\/\/zhyvi-travy.com\/fr\/wp-json\/wp\/v2\/comments?post=1827"}],"version-history":[{"count":8,"href":"https:\/\/zhyvi-travy.com\/fr\/wp-json\/wp\/v2\/pages\/1827\/revisions"}],"predecessor-version":[{"id":1985,"href":"https:\/\/zhyvi-travy.com\/fr\/wp-json\/wp\/v2\/pages\/1827\/revisions\/1985"}],"wp:attachment":[{"href":"https:\/\/zhyvi-travy.com\/fr\/wp-json\/wp\/v2\/media?parent=1827"}],"curies":[{"name":"wp","href":"https:\/\/api.w.org\/{rel}","templated":true}]}}