{"id":2246,"date":"2021-09-27T19:43:23","date_gmt":"2021-09-27T19:43:23","guid":{"rendered":"https:\/\/zhyvi-travy.com\/product\/ein-fermentierter-tee-aus-den-blaettern-des-schmalblaettrigen-weidenroeschens-200-g\/"},"modified":"2021-09-27T19:43:23","modified_gmt":"2021-09-27T19:43:23","slug":"ivanchai-200g-2","status":"publish","type":"product","link":"https:\/\/zhyvi-travy.com\/de\/produkt\/ivanchai-200g-2\/","title":{"rendered":"Ein fermentierter Tee aus den Bl\u00e4ttern des Schmalbl\u00e4ttrigen Weidenr\u00f6schens 200 g."},"content":{"rendered":"<p>Die Fermentation der Bl\u00e4tter des Schmalbl\u00e4ttrigen Weidenr\u00f6schens ist ein Prozess, bei dem der Pflanzenrohstoff durch seine eigenen Enzyme oxidiert ist. Dank diesem Prozess, werden die n\u00fctzlichen Komponenten leicht von dem K\u00f6rper aufgenommen. Deshalb ist die Ausgabe des fermentierten Tees aus den Bl\u00e4ttern des Schmalbl\u00e4ttrigen Weidenr\u00f6schens beim Aufbr\u00fchen zwei-, dreimal weniger, als beim Aufbr\u00fchen des \u00fcblichen Tees.  <\/p>\n<p><strong>Zubereitung<\/strong>: F\u00fcllen Sie 1-2 Teel\u00f6ffel des fermentierten Tees mit 1 Liter Wasser mit Temperatur von 85 bis 95 Grade und ziehen Sie von 5 bis 10 Minuten.<\/p>\n","protected":false},"excerpt":{"rendered":"<p>Der Tee ist die Quelle der biologisch aktiven Stoffe. Der Tee &#8230; <\/p>\n","protected":false},"featured_media":2141,"comment_status":"open","ping_status":"closed","template":"","meta":[],"product_cat":[192],"product_tag":[],"_links":{"self":[{"href":"https:\/\/zhyvi-travy.com\/de\/wp-json\/wp\/v2\/product\/2246"}],"collection":[{"href":"https:\/\/zhyvi-travy.com\/de\/wp-json\/wp\/v2\/product"}],"about":[{"href":"https:\/\/zhyvi-travy.com\/de\/wp-json\/wp\/v2\/types\/product"}],"replies":[{"embeddable":true,"href":"https:\/\/zhyvi-travy.com\/de\/wp-json\/wp\/v2\/comments?post=2246"}],"wp:featuredmedia":[{"embeddable":true,"href":"https:\/\/zhyvi-travy.com\/de\/wp-json\/wp\/v2\/media\/2141"}],"wp:attachment":[{"href":"https:\/\/zhyvi-travy.com\/de\/wp-json\/wp\/v2\/media?parent=2246"}],"wp:term":[{"taxonomy":"product_cat","embeddable":true,"href":"https:\/\/zhyvi-travy.com\/de\/wp-json\/wp\/v2\/product_cat?post=2246"},{"taxonomy":"product_tag","embeddable":true,"href":"https:\/\/zhyvi-travy.com\/de\/wp-json\/wp\/v2\/product_tag?post=2246"}],"curies":[{"name":"wp","href":"https:\/\/api.w.org\/{rel}","templated":true}]}}