{"id":2242,"date":"2021-09-27T19:31:42","date_gmt":"2021-09-27T19:31:42","guid":{"rendered":"https:\/\/zhyvi-travy.com\/product\/ein-fermentierter-tee-aus-den-blaettern-der-wilden-himbeere-100-g\/"},"modified":"2021-09-27T19:31:42","modified_gmt":"2021-09-27T19:31:42","slug":"raspberry-100g-2","status":"publish","type":"product","link":"https:\/\/zhyvi-travy.com\/de\/produkt\/raspberry-100g-2\/","title":{"rendered":"Ein fermentierter Tee aus den Bl\u00e4ttern der wilden Himbeere 100 g."},"content":{"rendered":"<p>Die Fermentation der Bl\u00e4tter der wilden Himbeere ist ein Prozess, bei dem der Pflanzenrohstoff durch seine eigenen Enzyme oxidiert ist. Dank diesem Prozess, werden die n\u00fctzlichen Komponenten leicht von dem K\u00f6rper aufgenommen. Deshalb ist die Ausgabe des fermentierten Tees aus den Bl\u00e4ttern der wilden Himbeere beim Aufbr\u00fchen zwei-, dreimal weniger, als beim Aufbr\u00fchen des \u00fcblichen Tees.  <\/p>\n<p><strong>Zubereitung<\/strong>: F\u00fcllen Sie 1-2 Teel\u00f6ffel des fermentierten Tees mit 1 Liter Wasser mit Temperatur von 85 bis 95 Grade und ziehen Sie von 5 bis 10 Minuten.<\/p>\n","protected":false},"excerpt":{"rendered":"<p>Himbeerbl\u00e4tter sind ein perfektes antivirales, immunstimulierendes, fiebersenkendes, schwei\u00dftreibendes, schleiml\u00f6sendes und st\u00e4rkendes &#8230; <\/p>\n","protected":false},"featured_media":2143,"comment_status":"open","ping_status":"closed","template":"","meta":[],"product_cat":[192],"product_tag":[],"_links":{"self":[{"href":"https:\/\/zhyvi-travy.com\/de\/wp-json\/wp\/v2\/product\/2242"}],"collection":[{"href":"https:\/\/zhyvi-travy.com\/de\/wp-json\/wp\/v2\/product"}],"about":[{"href":"https:\/\/zhyvi-travy.com\/de\/wp-json\/wp\/v2\/types\/product"}],"replies":[{"embeddable":true,"href":"https:\/\/zhyvi-travy.com\/de\/wp-json\/wp\/v2\/comments?post=2242"}],"wp:featuredmedia":[{"embeddable":true,"href":"https:\/\/zhyvi-travy.com\/de\/wp-json\/wp\/v2\/media\/2143"}],"wp:attachment":[{"href":"https:\/\/zhyvi-travy.com\/de\/wp-json\/wp\/v2\/media?parent=2242"}],"wp:term":[{"taxonomy":"product_cat","embeddable":true,"href":"https:\/\/zhyvi-travy.com\/de\/wp-json\/wp\/v2\/product_cat?post=2242"},{"taxonomy":"product_tag","embeddable":true,"href":"https:\/\/zhyvi-travy.com\/de\/wp-json\/wp\/v2\/product_tag?post=2242"}],"curies":[{"name":"wp","href":"https:\/\/api.w.org\/{rel}","templated":true}]}}