{"id":2218,"date":"2021-09-21T14:59:35","date_gmt":"2021-09-21T14:59:35","guid":{"rendered":"https:\/\/zhyvi-travy.com\/fuer-die-grosshaendler-und-vertreiber\/"},"modified":"2023-02-02T18:06:08","modified_gmt":"2023-02-02T18:06:08","slug":"fuer-die-grosshaendler-und-vertreiber","status":"publish","type":"page","link":"https:\/\/zhyvi-travy.com\/de\/fuer-die-grosshaendler-und-vertreiber\/","title":{"rendered":"F\u00fcr die Gro\u00dfh\u00e4ndler und Vertreiber"},"content":{"rendered":"<section class=\"wpb-content-wrapper\"><p>[vc_row][vc_column]<div class=\"cz_gap clr  hide_on_tablet hide_on_mobile\" style=\"height: 50px\"><\/div><div class=\"cz_gap show_on_tablet clr \" style=\"height: 50px\"><\/div><div id=\"cz_29093\" class=\"cz_29093 cz_title clr cz_title_pos_inline tac\"><div class=\"cz_title_shape shape_icon cz_shape_1\"><i class=\"fa fa-fire\"><\/i><\/div><div class=\"cz_title_content\"><div class=\"cz_wpe_content\"><h2>F\u00fcr die Gro\u00dfh\u00e4ndler und Vertreiber<\/h2>\n<h3 style=\"text-align: center;\">Wir bieten <span style=\"color: #ff9900;\">die Rabatte und die alleinigen Arbeitsbedingungen<\/span><\/h3>\n<\/div><\/div><\/div><div class=\"cz_gap clr  hide_on_tablet hide_on_mobile\" style=\"height: 70px\"><\/div><div class=\"cz_gap show_on_tablet clr  show_only_tablet\" style=\"height: 20px\"><\/div><div class=\"cz_gap show_on_mobile clr\" style=\"height: 20px\"><\/div>[\/vc_column][\/vc_row][vc_row][vc_column css=&#8220;.vc_custom_1514560967896{padding-right: 30px !important;}&#8220; offset=&#8220;vc_col-lg-4&#8243;]<div class=\"cz_gap clr \" style=\"height: 50px\"><\/div><div class=\"cz_eqh cz_content_box_parent_fx  \"><div id=\"cz_83528\" class=\"cz_83528 cz_content_box clr\"><div class=\"cz_box_front clr\"><div class=\"cz_box_front_inner clr \"><span><\/span><div><div id=\"cz_38150\" class=\"cz_38150 cz_title clr cz_mobile_text_center cz_title_has_bg cz_title_pos_left tac\"><div class=\"cz_title_content\"><div class=\"cz_wpe_content\"><div style=\"line-height: 1.1; text-align: center;\"><span style=\"display: block; font-size: 24px; font-weight: bold; color: #ffffff;\">1,10 UAH\/gr<\/span><\/div>\n<div style=\"line-height: 1.1; text-align: center; text-decoration: line-through;\"><span style=\"display: block; font-size: 23px; font-weight: bold; color: #ffffff;\">1,20 UAH\/gr<\/span><\/div>\n<\/div><\/div><\/div><div id=\"cz_26530\" class=\"cz_26530 cz_title clr cz_mobile_text_center cz_title_pos_inline tac\"><div class=\"cz_title_content\"><div class=\"cz_wpe_content\"><p style=\"text-align: center;\"><span style=\"font-size: 24px;\">beim Kauf von Waren nach Gesamtgewicht<\/span><\/p>\n<p style=\"text-align: center;\"><span style=\"font-size: 24px;\">bis 1 zu 5 kg<\/span><\/p>\n<\/div><\/div><\/div><div class=\"cz_gap clr \" style=\"height: 40px\"><\/div><div class=\"cz_btn_center\"><div class=\"cz_53839_p\"><a id=\"cz_53839\" class=\"cz_53839 cz_btn cz_btn_txt_no_fx cz_btn_move_up\" href=\"#cz_popup_1\"><span><i class=\"fa fa-cart-plus\"><\/i><strong>BESTELLUNG<\/strong><\/span><b class=\"cz_btn_onhover\"><i class=\"fa fa-cart-plus\"><\/i><strong>BESTELLUNG<\/strong><\/b><\/a><\/div><\/div><\/div><\/div><\/div><\/div><\/div>[\/vc_column][vc_column offset=&#8220;vc_col-lg-4 vc_col-md-6&#8243;]<div id=\"cz_101935\" class=\"cz_101935 cz_image clr cz_image_no_fx center_on_mobile\"><div class=\"\" ><div class=\"cz_image_in\"><div class=\"cz_main_image\"><img width=\"600\" height=\"800\" src=\"https:\/\/zhyvi-travy.com\/wp-content\/uploads\/2021\/09\/cooperation.jpg\" class=\"attachment-full\" alt=\"\" decoding=\"async\" loading=\"lazy\" title=\"cooperation\" srcset=\"https:\/\/zhyvi-travy.com\/wp-content\/uploads\/2021\/09\/cooperation.jpg 600w, https:\/\/zhyvi-travy.com\/wp-content\/uploads\/2021\/09\/cooperation-225x300.jpg 225w\" sizes=\"(max-width: 600px) 100vw, 600px\" \/><\/div><\/div><\/div><\/div>[\/vc_column][vc_column css=&#8220;.vc_custom_1514560996568{padding-left: 30px !important;}&#8220; offset=&#8220;vc_col-lg-4 vc_col-md-6&#8243;]<div class=\"cz_gap clr \" style=\"height: 50px\"><\/div><div class=\"cz_eqh cz_content_box_parent_fx  \"><div id=\"cz_83528\" class=\"cz_83528 cz_content_box clr\"><div class=\"cz_box_front clr\"><div class=\"cz_box_front_inner clr \"><span><\/span><div><div id=\"cz_71867\" class=\"cz_71867 cz_title clr cz_mobile_text_center cz_title_has_bg cz_title_pos_left tac\"><div class=\"cz_title_content\"><div class=\"cz_wpe_content\"><div style=\"line-height: 1.1; text-align: center;\"><span style=\"display: block; font-size: 24px; font-weight: bold; color: #ffffff;\">1,00 UAH\/gr<\/span><\/div>\n<div style=\"line-height: 1.1; text-align: center; text-decoration: line-through;\"><span style=\"display: block; font-size: 23px; font-weight: bold; color: #ffffff;\">1,20 UAH\/gr<\/span><\/div>\n<\/div><\/div><\/div><div id=\"cz_81985\" class=\"cz_81985 cz_title clr cz_mobile_text_center cz_title_pos_inline tac\"><div class=\"cz_title_content\"><div class=\"cz_wpe_content\"><p style=\"text-align: center;\"><span style=\"font-size: 24px;\">beim Kauf von Waren nach Gesamtgewicht<\/span><\/p>\n<p style=\"text-align: center;\"><span style=\"font-size: 24px;\">5 kg und mehr <\/span><\/p>\n<\/div><\/div><\/div><div class=\"cz_gap clr \" style=\"height: 40px\"><\/div><div class=\"cz_btn_center\"><div class=\"cz_31035_p\"><a id=\"cz_31035\" class=\"cz_31035 cz_btn cz_btn_txt_no_fx cz_btn_move_up\" href=\"#cz_popup_1\"><span><i class=\"fa fa-cart-plus\"><\/i><strong>BESTELLUNG<\/strong><\/span><b class=\"cz_btn_onhover\"><i class=\"fa fa-cart-plus\"><\/i><strong>BESTELLUNG<\/strong><\/b><\/a><\/div><\/div><\/div><\/div><\/div><\/div><\/div>[\/vc_column][\/vc_row][vc_row][vc_column]<div class=\"cz_gap clr \" style=\"height: 100px\"><\/div>[\/vc_column][\/vc_row][vc_row css=&#8220;.vc_custom_1632862279036{padding-top: 60px !important;padding-bottom: 60px !important;padding-left: 20px !important;background-color: #efae16 !important;border-radius: 30px !important;}&#8220;][vc_column width=&#8220;1\/3&#8243;]<div id=\"cz_12426\" class=\"cz_12426 cz_title clr cz_title_has_icon cz_title_pos_inline\"><div class=\"cz_title_content\"><i class=\"cz_title_icon_before fa czico-Icon-Badges-Delivery-Base\"><\/i><div class=\"cz_wpe_content\"><h2>Lieferung<\/h2>\n<\/div><\/div><\/div>[\/vc_column][vc_column width=&#8220;2\/3&#8243;]<ul id=\"cz_23300\" class=\"cz_23300 cz_stylish_list clr cz_sl_icon_hover_zoom_in\"><li class=\"clr\"><div class=\"cz_sl_icon\"><i class=\"fas fa-chevron-circle-right mr10\"><\/i><\/div><div><span>Eine Lieferung der Waren ist durch die Lieferdienste nach Wahl des K\u00e4ufers erfolgt<\/span><\/div><\/li><li class=\"clr\"><div class=\"cz_sl_icon\"><i class=\"fas fa-chevron-circle-right mr10\"><\/i><\/div><div><span>Beim Kauf der Waren nach Gesamtgewicht bis 5 kg ist eine Lieferung von dem K\u00e4ufer bezahlt<\/span><\/div><\/li><li class=\"clr\"><div class=\"cz_sl_icon\"><i class=\"fas fa-chevron-circle-right mr10\"><\/i><\/div><div><span>Beim Kauf der Waren nach Gesamtgewicht 5 kg und mehr ist eine Lieferung von dem Verk\u00e4ufer bezahlt<\/span><\/div><\/li><\/ul>[\/vc_column][\/vc_row][vc_row][vc_column]<div class=\"cz_gap clr \" style=\"height: 100px\"><\/div>[\/vc_column][\/vc_row][vc_row full_width=&#8220;stretch_row&#8220;][vc_column]<div class=\"cz_eqh cz_content_box_parent_fx  \"><div id=\"cz_109316\" class=\"cz_109316 cz_content_box clr wpb_animate_when_almost_visible bottom-to-top\"><div class=\"cz_box_front clr\"><div class=\"cz_box_front_inner clr \"><span><\/span><div>[vc_row_inner][vc_column_inner offset=&#8220;vc_col-lg-9 vc_col-md-12 vc_col-xs-12&#8243;]<div id=\"cz_41875\" class=\"cz_41875 cz_title clr cz_smart_fs cz_title_has_icon cz_title_pos_inline\"><div class=\"cz_title_content\"><i class=\"cz_title_icon_before fas fa-info-circle\"><\/i><div class=\"cz_wpe_content\"><p><strong>F\u00fcr die Vertreiber gelten die alleinigen Kooperationsbedingungen angesichts der M\u00f6glichkeiten des Vertreibers \u00fcber Organisation und Durchf\u00fchrung der Distribution.<\/strong><\/p>\n<\/div><\/div><\/div>[\/vc_column_inner][vc_column_inner offset=&#8220;vc_col-lg-3 vc_col-md-12 vc_col-xs-12&#8243;]<div class=\"cz_btn_center\"><div class=\"cz_104185_p\"><a id=\"cz_104185\" class=\"cz_104185 cz_btn cz_btn_txt_no_fx cz_btn_no_fx\" href=\"\/de\/contact\"><span><i class=\"fa fa-angle-right\"><\/i><strong>Kooperieren<\/strong><\/span><b class=\"cz_btn_onhover\"><i class=\"fa fa-angle-right\"><\/i><strong>Kooperieren<\/strong><\/b><\/a><\/div><\/div>[\/vc_column_inner][\/vc_row_inner]<\/div><\/div><\/div><\/div><\/div><div class=\"cz_gap clr  hide_on_tablet hide_on_mobile\" style=\"height: 110px\"><\/div><div class=\"cz_gap show_on_tablet clr  show_only_tablet\" style=\"height: 40px\"><\/div><div class=\"cz_gap show_on_mobile clr\" style=\"height: 20px\"><\/div>[\/vc_column][\/vc_row][vc_row][vc_column]<div id=\"cz_15430\" class=\"cz_15430\"><div id=\"cz_popup_1\" class=\"cz_popup_modal clr\"><div class=\"cz_popup_in\"><div><div id=\"cz_86674\" class=\"cz_86674 cz_cf7 clr\"><div><div class=\"wpcf7 no-js\" id=\"wpcf7-f2230-o1\" lang=\"de-DE\" dir=\"ltr\">\n<div class=\"screen-reader-response\"><p role=\"status\" aria-live=\"polite\" aria-atomic=\"true\"><\/p> <ul><\/ul><\/div>\n<form action=\"\/de\/wp-json\/wp\/v2\/pages\/2218#wpcf7-f2230-o1\" method=\"post\" class=\"wpcf7-form init\" aria-label=\"Kontaktformular\" novalidate=\"novalidate\" data-status=\"init\">\n<div style=\"display: none;\">\n<input type=\"hidden\" name=\"_wpcf7\" value=\"2230\" \/>\n<input type=\"hidden\" name=\"_wpcf7_version\" value=\"5.7.2\" \/>\n<input type=\"hidden\" name=\"_wpcf7_locale\" value=\"de_DE\" \/>\n<input type=\"hidden\" name=\"_wpcf7_unit_tag\" value=\"wpcf7-f2230-o1\" \/>\n<input type=\"hidden\" name=\"_wpcf7_container_post\" value=\"0\" \/>\n<input type=\"hidden\" name=\"_wpcf7_posted_data_hash\" value=\"\" \/>\n<input type=\"hidden\" name=\"_wpcf7_recaptcha_response\" value=\"\" \/>\n<\/div>\n<p><label> Name<br \/>\n<span class=\"wpcf7-form-control-wrap\" data-name=\"your-name\"><input size=\"40\" class=\"wpcf7-form-control wpcf7-text wpcf7-validates-as-required\" aria-required=\"true\" aria-invalid=\"false\" value=\"\" type=\"text\" name=\"your-name\" \/><\/span> <\/label>\n<\/p>\n<p><label> Email<br \/>\n<span class=\"wpcf7-form-control-wrap\" data-name=\"your-email\"><input size=\"40\" class=\"wpcf7-form-control wpcf7-text wpcf7-email wpcf7-validates-as-required wpcf7-validates-as-email\" aria-required=\"true\" aria-invalid=\"false\" value=\"\" type=\"email\" name=\"your-email\" \/><\/span> <\/label>\n<\/p>\n<p><label> Thema<br \/>\n<span class=\"wpcf7-form-control-wrap\" data-name=\"your-subject\"><input size=\"40\" class=\"wpcf7-form-control wpcf7-text wpcf7-validates-as-required\" aria-required=\"true\" aria-invalid=\"false\" value=\"\" type=\"text\" name=\"your-subject\" \/><\/span> <\/label>\n<\/p>\n<p><label> Nachricht<br \/>\n<span class=\"wpcf7-form-control-wrap\" data-name=\"your-message\"><textarea cols=\"40\" rows=\"10\" class=\"wpcf7-form-control wpcf7-textarea\" aria-invalid=\"false\" name=\"your-message\"><\/textarea><\/span> <\/label>\n<\/p>\n<p><input class=\"wpcf7-form-control has-spinner wpcf7-submit\" type=\"submit\" value=\"Senden Sie\" \/>\n<\/p><div class=\"wpcf7-response-output\" aria-hidden=\"true\"><\/div><\/form><\/div><\/div><\/div><\/div><\/div><i class=\"fa czico-198-cancel cz_close_popup\"><\/i><div class=\"cz_overlay\"><\/div><\/div><\/div>[\/vc_column][\/vc_row]<\/p>\n<\/section>","protected":false},"excerpt":{"rendered":"<p>[vc_row][vc_column][\/vc_column][\/vc_row][vc_row][vc_column css=&#8220;.vc_custom_1514560967896{padding-right: 30px !important;}&#8220; offset=&#8220;vc_col-lg-4&#8243;][\/vc_column][vc_column offset=&#8220;vc_col-lg-4 vc_col-md-6&#8243;][\/vc_column][vc_column css=&#8220;.vc_custom_1514560996568{padding-left: 30px !important;}&#8220; offset=&#8220;vc_col-lg-4 &#8230; <\/p>\n","protected":false},"author":1,"featured_media":0,"parent":0,"menu_order":0,"comment_status":"closed","ping_status":"closed","template":"","meta":[],"_links":{"self":[{"href":"https:\/\/zhyvi-travy.com\/de\/wp-json\/wp\/v2\/pages\/2218"}],"collection":[{"href":"https:\/\/zhyvi-travy.com\/de\/wp-json\/wp\/v2\/pages"}],"about":[{"href":"https:\/\/zhyvi-travy.com\/de\/wp-json\/wp\/v2\/types\/page"}],"author":[{"embeddable":true,"href":"https:\/\/zhyvi-travy.com\/de\/wp-json\/wp\/v2\/users\/1"}],"replies":[{"embeddable":true,"href":"https:\/\/zhyvi-travy.com\/de\/wp-json\/wp\/v2\/comments?post=2218"}],"version-history":[{"count":3,"href":"https:\/\/zhyvi-travy.com\/de\/wp-json\/wp\/v2\/pages\/2218\/revisions"}],"predecessor-version":[{"id":2233,"href":"https:\/\/zhyvi-travy.com\/de\/wp-json\/wp\/v2\/pages\/2218\/revisions\/2233"}],"wp:attachment":[{"href":"https:\/\/zhyvi-travy.com\/de\/wp-json\/wp\/v2\/media?parent=2218"}],"curies":[{"name":"wp","href":"https:\/\/api.w.org\/{rel}","templated":true}]}}