{"id":2210,"date":"2017-06-10T08:24:41","date_gmt":"2017-06-10T08:24:41","guid":{"rendered":"https:\/\/zhyvi-travy.com\/ueber-das-unternehmen\/"},"modified":"2023-02-02T17:50:02","modified_gmt":"2023-02-02T17:50:02","slug":"ueber-das-unternehmen","status":"publish","type":"page","link":"https:\/\/zhyvi-travy.com\/de\/ueber-das-unternehmen\/","title":{"rendered":"\u00dcber das Unternehmen"},"content":{"rendered":"<section class=\"wpb-content-wrapper\"><p>[vc_row][vc_column width=&#8220;1\/2&#8243;]<div class=\"cz_gap clr \" style=\"height: 30px\"><\/div><div id=\"cz_13449\" class=\"cz_13449 cz_title clr cz_title_pos_inline tac\"><div class=\"cz_title_shape shape_text cz_shape_1\">ZHYVI TRAVY<\/div><div class=\"cz_title_content\"><span class=\"cz_line_side_solo\">_<\/span><div class=\"cz_wpe_content\"><h2 style=\"text-align: center;\">Unsere Geschichte<\/h2>\n<\/div><span class=\"cz_line_side_solo cz_line_side_after\">_<\/span><\/div><\/div><div class=\"cz_gap clr \" style=\"height: 30px\"><\/div><div id=\"cz_106401\" class=\"cz_106401 cz_title clr cz_title_pos_inline\"><div class=\"cz_title_content\"><div class=\"cz_wpe_content\"><p>Unser Unternehmen ist von den Gleichgesinnten gegr\u00fcndet, die von der Idee der Produktion der hochwertigen und \u00f6kologischen Waren vereinigt sind, die das Vergn\u00fcgen und die Wonne den Menschen bringen und dabei ihre Gesundheit verbessern.<\/p>\n<p>Im Resultat der Kombination der Erfahrungen von den Gr\u00fcndern und Technologien der Bearbeitung der Heilpflanze und Fermentation, der F\u00e4higkeit die Gleichgesinnte um eine gemeinsame Idee zu organisieren, der Manager- und Leitungsfertigkeiten, der Kenntnisse der Organisation und der Bildung der Businessprozesse im Bereich der Produktion und Realisierung des Lebensmittels ist ein Projekt und sp\u00e4ter ein Produktionsunternehmen der hochwertigen fermentierten Tees der Marke &#8222;Lebende Kr\u00e4uter&#8220; entstanden.<\/p>\n<\/div><\/div><\/div><div class=\"cz_btn_center\"><div class=\"cz_45790_p\"><a id=\"cz_45790\" class=\"cz_45790 cz_btn cz_btn_txt_no_fx cz_btn_zoom_in\" href=\"\/de\/contact\"><span><i class=\"fas fa-handshake\"><\/i><strong>sich uns anschlie\u00dfen<\/strong><\/span><b class=\"cz_btn_onhover\"><i class=\"fas fa-handshake\"><\/i><strong>sich uns anschlie\u00dfen<\/strong><\/b><\/a><\/div><\/div><div class=\"cz_gap clr \" style=\"height: 50px\"><\/div>[\/vc_column][vc_column width=&#8220;1\/2&#8243;]<div id=\"cz_50227\" class=\"cz_50227 cz_image clr cz_image_no_fx center_on_mobile\"><div class=\"\" ><div class=\"cz_image_in\"><div class=\"cz_main_image\"><img width=\"1200\" height=\"972\" src=\"https:\/\/zhyvi-travy.com\/wp-content\/uploads\/2021\/09\/about-1.jpg\" class=\"attachment-full\" alt=\"\" decoding=\"async\" loading=\"lazy\" title=\"about-1\" srcset=\"https:\/\/zhyvi-travy.com\/wp-content\/uploads\/2021\/09\/about-1.jpg 1200w, https:\/\/zhyvi-travy.com\/wp-content\/uploads\/2021\/09\/about-1-300x243.jpg 300w, https:\/\/zhyvi-travy.com\/wp-content\/uploads\/2021\/09\/about-1-1024x829.jpg 1024w, https:\/\/zhyvi-travy.com\/wp-content\/uploads\/2021\/09\/about-1-768x622.jpg 768w, https:\/\/zhyvi-travy.com\/wp-content\/uploads\/2021\/09\/about-1-600x486.jpg 600w\" sizes=\"(max-width: 1200px) 100vw, 1200px\" \/><\/div><\/div><\/div><\/div>[\/vc_column][\/vc_row][vc_row][vc_column]<div class=\"cz_gap clr \" style=\"height: 100px\"><\/div><div id=\"cz_71836\" class=\"cz_71836 cz_title clr cz_title_pos_inline tac\"><div class=\"cz_title_shape shape_text cz_shape_1\">ZHYVI TRAVY<\/div><div class=\"cz_title_content\"><span class=\"cz_line_side_solo\">_<\/span><div class=\"cz_wpe_content\"><h2 style=\"text-align: center;\">\u00dcber Produktion<\/h2>\n<\/div><span class=\"cz_line_side_solo cz_line_side_after\">_<\/span><\/div><\/div><div class=\"cz_gap clr \" style=\"height: 60px\"><\/div>[\/vc_column][\/vc_row][vc_row equal_height=&#8220;yes&#8220; content_placement=&#8220;middle&#8220;][vc_column width=&#8220;1\/2&#8243;]<div class=\"cz_eqh cz_content_box_parent_fx  \"><div id=\"cz_103318\" class=\"cz_103318 cz_content_box clr\"><div class=\"cz_box_front clr\"><div class=\"cz_box_front_inner clr \"><span><\/span><div><div id=\"cz_32939\" class=\"cz_32939 cz_title clr cz_mobile_text_center cz_title_pos_right\"><div class=\"cz_title_shape shape_text cz_shape_1\"><\/div><div class=\"cz_title_content\"><span class=\"cz_line_side_solo\">_<\/span><div class=\"cz_wpe_content\"><h2>Fermentation des Tees<\/h2>\n<\/div><\/div><\/div><div id=\"cz_28336\" class=\"cz_28336 cz_title clr cz_mobile_text_center cz_title_pos_inline tar\"><div class=\"cz_title_content\"><div class=\"cz_wpe_content\"><p style=\"text-align: right;\">ein nat\u00fcrlicher biochemischer Prozess der Oxidation (Fermentation) der Teebl\u00e4tter unter der Wirkung der Temperatur, des Sauerstoffs und der Feuchtigkeit<\/p>\n<\/div><\/div><\/div><\/div><\/div><\/div><\/div><\/div>[\/vc_column][vc_column width=&#8220;1\/2&#8243; css=&#8220;.vc_custom_1632047073571{background-image: url(https:\/\/zhyvi-travy.com\/wp-content\/uploads\/2021\/09\/about-2.jpg?id=706) !important;background-position: center !important;background-repeat: no-repeat !important;background-size: cover !important;}&#8220; offset=&#8220;vc_col-xs-12&#8243;]<div class=\"cz_gap clr  hide_on_mobile\" style=\"height: 450px\"><\/div><div class=\"cz_gap show_on_mobile clr\" style=\"height: 300px\"><\/div>[\/vc_column][\/vc_row][vc_row equal_height=&#8220;yes&#8220; content_placement=&#8220;middle&#8220; el_class=&#8220;md-reverse&#8220;][vc_column width=&#8220;1\/2&#8243; css=&#8220;.vc_custom_1632047509621{background-image: url(https:\/\/zhyvi-travy.com\/wp-content\/uploads\/2021\/09\/about-3.jpg?id=708) !important;background-position: center !important;background-repeat: no-repeat !important;background-size: cover !important;}&#8220; offset=&#8220;vc_col-xs-12&#8243;]<div class=\"cz_gap clr  hide_on_mobile\" style=\"height: 450px\"><\/div><div class=\"cz_gap show_on_mobile clr\" style=\"height: 300px\"><\/div>[\/vc_column][vc_column width=&#8220;1\/2&#8243;]<div class=\"cz_eqh cz_content_box_parent_fx  \"><div id=\"cz_39435\" class=\"cz_39435 cz_content_box clr\"><div class=\"cz_box_front clr\"><div class=\"cz_box_front_inner clr \"><span><\/span><div><div id=\"cz_103277\" class=\"cz_103277 cz_title clr cz_mobile_text_center cz_title_pos_inline\"><div class=\"cz_title_shape shape_text cz_shape_1\"><\/div><div class=\"cz_title_content\"><div class=\"cz_wpe_content\"><h2 style=\"text-align: left;\">Technologie der Produktion<\/h2>\n<\/div><span class=\"cz_line_side_solo cz_line_side_after\">_<\/span><\/div><\/div><div id=\"cz_51943\" class=\"cz_51943 cz_title clr cz_mobile_text_center cz_title_pos_inline\"><div class=\"cz_title_content\"><div class=\"cz_wpe_content\"><p>bei der Produktion dieser Waren sind nur die ukrainischen hochwertigen und umweltfreundlichen Stoffe benutzt und die Produktionsprozesse sind so organisiert, um die minimale negative Wirkung auf die Umwelt zu machen.<\/p>\n<\/div><\/div><\/div><\/div><\/div><\/div><\/div><\/div>[\/vc_column][\/vc_row][vc_row equal_height=&#8220;yes&#8220; content_placement=&#8220;middle&#8220;][vc_column width=&#8220;1\/2&#8243;]<div class=\"cz_eqh cz_content_box_parent_fx  \"><div id=\"cz_13163\" class=\"cz_13163 cz_content_box clr\"><div class=\"cz_box_front clr\"><div class=\"cz_box_front_inner clr \"><span><\/span><div><div id=\"cz_84080\" class=\"cz_84080 cz_title clr cz_mobile_text_center cz_title_pos_right\"><div class=\"cz_title_shape shape_text cz_shape_1\"><\/div><div class=\"cz_title_content\"><span class=\"cz_line_side_solo\">_<\/span><div class=\"cz_wpe_content\"><h2>Umweltfreundlichkeit<\/h2>\n<\/div><\/div><\/div><div id=\"cz_38181\" class=\"cz_38181 cz_title clr cz_mobile_text_center cz_title_pos_inline tar\"><div class=\"cz_title_content\"><div class=\"cz_wpe_content\"><p style=\"text-align: right;\">Die Einzigartigkeit von unserem Tee liegt darin, dass er eine organische, umweltfreundliche Ware ist, die nur aus den nat\u00fcrlichen sauberen Stoffen hergestellt ist, die man manuell sammelt und in einem Steinofen mit Benutzung der W\u00e4rme von Holzbrennstoff trocknet.<\/p>\n<\/div><\/div><\/div><\/div><\/div><\/div><\/div><\/div>[\/vc_column][vc_column width=&#8220;1\/2&#8243; css=&#8220;.vc_custom_1632410670214{background-image: url(https:\/\/zhyvi-travy.com\/wp-content\/uploads\/2021\/09\/about-5.jpg?id=771) !important;background-position: center !important;background-repeat: no-repeat !important;background-size: cover !important;}&#8220; offset=&#8220;vc_col-xs-12&#8243;]<div class=\"cz_gap clr  hide_on_mobile\" style=\"height: 450px\"><\/div><div class=\"cz_gap show_on_mobile clr\" style=\"height: 300px\"><\/div>[\/vc_column][\/vc_row][vc_row equal_height=&#8220;yes&#8220; content_placement=&#8220;middle&#8220; el_class=&#8220;md-reverse&#8220;][vc_column width=&#8220;1\/2&#8243; css=&#8220;.vc_custom_1632411667088{background-image: url(https:\/\/zhyvi-travy.com\/wp-content\/uploads\/2021\/09\/about-6.jpg?id=775) !important;background-position: center !important;background-repeat: no-repeat !important;background-size: cover !important;}&#8220; offset=&#8220;vc_col-xs-12&#8243;]<div id=\"cz_31729\" class=\"cz_31729 cz_image clr cz_image_no_fx center_on_mobile\"><div class=\"\" ><div class=\"cz_image_in\"><div class=\"cz_main_image\"><img class=\"\" src=\"https:\/\/zhyvi-travy.com\/wp-content\/uploads\/2021\/09\/sertificate.png\" width=\"800\" height=\"735\" alt=\"#image_title\" title=\"sertificate\" \/><\/div><\/div><\/div><\/div>[\/vc_column][vc_column width=&#8220;1\/2&#8243;]<div class=\"cz_eqh cz_content_box_parent_fx  \"><div id=\"cz_39435\" class=\"cz_39435 cz_content_box clr\"><div class=\"cz_box_front clr\"><div class=\"cz_box_front_inner clr \"><span><\/span><div><div id=\"cz_79371\" class=\"cz_79371 cz_title clr cz_mobile_text_center cz_title_pos_inline\"><div class=\"cz_title_shape shape_text cz_shape_1\"><\/div><div class=\"cz_title_content\"><div class=\"cz_wpe_content\"><h2 style=\"text-align: left;\">Zertifikate<\/h2>\n<\/div><span class=\"cz_line_side_solo cz_line_side_after\">_<\/span><\/div><\/div><div id=\"cz_67240\" class=\"cz_67240 cz_title clr cz_mobile_text_center cz_title_pos_inline\"><div class=\"cz_title_content\"><div class=\"cz_wpe_content\"><p>ein <a href=\"\/wp-content\/uploads\/2021\/09\/sertificate.pdf\"><strong>Konformit\u00e4tszertifikat<\/strong><\/a> ist eine Best\u00e4tigung daf\u00fcr, dass die Waren der Marke &#8222;Lebende Kr\u00e4uter&#8220; haben alle Stufen der Zertifizierung bestanden<\/p>\n<\/div><\/div><\/div><\/div><\/div><\/div><\/div><\/div>[\/vc_column][\/vc_row]<\/p>\n<\/section>","protected":false},"excerpt":{"rendered":"<p>[vc_row][vc_column width=&#8220;1\/2&#8243;][\/vc_column][vc_column width=&#8220;1\/2&#8243;][\/vc_column][\/vc_row][vc_row][vc_column][\/vc_column][\/vc_row][vc_row equal_height=&#8220;yes&#8220; content_placement=&#8220;middle&#8220;][vc_column width=&#8220;1\/2&#8243;][\/vc_column][vc_column width=&#8220;1\/2&#8243; css=&#8220;.vc_custom_1632047073571{background-image: url(https:\/\/zhyvi-travy.com\/wp-content\/uploads\/2021\/09\/about-2.jpg?id=706) !important;background-position: center &#8230; <\/p>\n","protected":false},"author":1,"featured_media":0,"parent":0,"menu_order":0,"comment_status":"closed","ping_status":"closed","template":"","meta":[],"_links":{"self":[{"href":"https:\/\/zhyvi-travy.com\/de\/wp-json\/wp\/v2\/pages\/2210"}],"collection":[{"href":"https:\/\/zhyvi-travy.com\/de\/wp-json\/wp\/v2\/pages"}],"about":[{"href":"https:\/\/zhyvi-travy.com\/de\/wp-json\/wp\/v2\/types\/page"}],"author":[{"embeddable":true,"href":"https:\/\/zhyvi-travy.com\/de\/wp-json\/wp\/v2\/users\/1"}],"replies":[{"embeddable":true,"href":"https:\/\/zhyvi-travy.com\/de\/wp-json\/wp\/v2\/comments?post=2210"}],"version-history":[{"count":4,"href":"https:\/\/zhyvi-travy.com\/de\/wp-json\/wp\/v2\/pages\/2210\/revisions"}],"predecessor-version":[{"id":2229,"href":"https:\/\/zhyvi-travy.com\/de\/wp-json\/wp\/v2\/pages\/2210\/revisions\/2229"}],"wp:attachment":[{"href":"https:\/\/zhyvi-travy.com\/de\/wp-json\/wp\/v2\/media?parent=2210"}],"curies":[{"name":"wp","href":"https:\/\/api.w.org\/{rel}","templated":true}]}}